{"id":2073,"date":"2023-11-06T21:59:40","date_gmt":"2023-11-06T20:59:40","guid":{"rendered":"https:\/\/paroisses.frejustoulon.fr\/modele\/?page_id=159"},"modified":"2023-11-06T21:59:40","modified_gmt":"2023-11-06T20:59:40","slug":"actualites","status":"publish","type":"page","link":"https:\/\/paroisses.frejustoulon.fr\/modele\/actualites\/","title":{"rendered":"Actualit\u00e9s"},"content":{"rendered":"\n\n\t\t<p>D\u00e9sol\u00e9, nous n&rsquo;avons trouv\u00e9 aucun article. Veuillez essayer une recherche diff\u00e9rente.<\/p>\n\n","protected":false},"excerpt":{"rendered":"<p>D\u00e9sol\u00e9, nous n&rsquo;avons trouv\u00e9 aucun article. Veuillez essayer une recherche diff\u00e9rente.<\/p>\n","protected":false},"author":2,"featured_media":0,"parent":0,"menu_order":0,"comment_status":"closed","ping_status":"closed","template":"page_template_builder.php","meta":{"_acf_changed":false,"_seopress_robots_primary_cat":"","_seopress_titles_title":"","_seopress_titles_desc":"","_seopress_robots_index":"","inline_featured_image":false,"footnotes":""},"class_list":["post-2073","page","type-page","status-publish","hentry","af_page_groupe-theme"],"acf":[],"_links":{"self":[{"href":"https:\/\/paroisses.frejustoulon.fr\/modele\/wp-json\/wp\/v2\/pages\/2073","targetHints":{"allow":["GET"]}}],"collection":[{"href":"https:\/\/paroisses.frejustoulon.fr\/modele\/wp-json\/wp\/v2\/pages"}],"about":[{"href":"https:\/\/paroisses.frejustoulon.fr\/modele\/wp-json\/wp\/v2\/types\/page"}],"author":[{"embeddable":true,"href":"https:\/\/paroisses.frejustoulon.fr\/modele\/wp-json\/wp\/v2\/users\/2"}],"replies":[{"embeddable":true,"href":"https:\/\/paroisses.frejustoulon.fr\/modele\/wp-json\/wp\/v2\/comments?post=2073"}],"version-history":[{"count":0,"href":"https:\/\/paroisses.frejustoulon.fr\/modele\/wp-json\/wp\/v2\/pages\/2073\/revisions"}],"wp:attachment":[{"href":"https:\/\/paroisses.frejustoulon.fr\/modele\/wp-json\/wp\/v2\/media?parent=2073"}],"curies":[{"name":"wp","href":"https:\/\/api.w.org\/{rel}","templated":true}]}}